{"id":407,"date":"2026-04-04T21:24:00","date_gmt":"2026-04-04T19:24:00","guid":{"rendered":"https:\/\/www.anabel.be\/web\/?page_id=407"},"modified":"2026-04-05T19:27:26","modified_gmt":"2026-04-05T17:27:26","slug":"plan-du-site","status":"publish","type":"page","link":"https:\/\/www.anabel.be\/web\/plan-du-site\/","title":{"rendered":"Plan du site"},"content":{"rendered":"\n<style>\n  .icon-h2 {\n    width: 24px;\n    height: 24px;\n    vertical-align: -4px;\n    margin-right: 6px;\n    fill: currentColor;\n  }\n  .icon-h3 {\n    width: 18px;\n    height: 18px;\n    vertical-align: -3px;\n    margin-right: 5px;\n    fill: currentColor;\n  }\n  .section-block {\n    margin-bottom: 2rem;\n  }\n  .small-note {\n    font-size: 0.9rem;\n    color: #666;\n    margin-bottom: 0.6rem;\n  }\n<\/style>\n\n\n\n<h1>Plan du site<\/h1>\n<p class=\"intro\">\n  Explorez l\u2019ensemble des pages du site anabel.be\/web : r\u00e9gions, provinces, arrondissements, communes, zones de police et ressources p\u00e9dagogiques. \n  Cette structure est con\u00e7ue pour \u00e9voluer au fil des nouvelles publications.\n<\/p>\n\n<!-- 1. Accueil -->\n<section class=\"section-block\">\n  <h2>\n    <!-- Ic\u00f4ne maison -->\n    <svg class=\"icon-h2\" viewBox=\"0 0 24 24\"><path d=\"M3 10.5L12 3l9 7.5V21a1 1 0 0 1-1 1h-5v-6H9v6H4a1 1 0 0 1-1-1V10.5z\"\/><\/svg>\n    Accueil\n  <\/h2>\n  <p class=\"small-note\">Point de d\u00e9part du site, avec acc\u00e8s aux principales sections.<\/p>\n  <ul>\n    <li><a href=\"\/web\/\">Page d\u2019accueil<\/a><\/li>\n  <\/ul>\n<\/section>\n\n<!-- 2. Structure administrative -->\n<section class=\"section-block\">\n  <h2>\n    <!-- Ic\u00f4ne carte -->\n    <svg class=\"icon-h2\" viewBox=\"0 0 24 24\"><path d=\"M3 6l6-2 6 2 6-2v14l-6 2-6-2-6 2V6z\"\/><\/svg>\n    Belgique \u2013 Structure administrative\n  <\/h2>\n  <p class=\"small-note\">Comprendre l\u2019organisation institutionnelle : r\u00e9gions, provinces, arrondissements et communes.<\/p>\n\n  <h3>\n    <svg class=\"icon-h3\" viewBox=\"0 0 24 24\"><path d=\"M12 2l7 6v14H5V8l7-6z\"\/><\/svg>\n    R\u00e9gions\n  <\/h3>\n  <ul>\n    <li><a href=\"\/web\/la-region-wallonne\/\">R\u00e9gion wallonne<\/a><\/li>\n    <li><a href=\"\/web\/la-region-flamande\/\">R\u00e9gion flamande<\/a><\/li>\n    <li><a href=\"\/web\/la-region-de-bruxelles-capitale\/\">R\u00e9gion de Bruxelles-Capitale<\/a><\/li>\n  <\/ul>\n\n  <h3>\n    <svg class=\"icon-h3\" viewBox=\"0 0 24 24\"><path d=\"M4 3h16v18H4z\"\/><\/svg>\n    Provinces\n  <\/h3>\n  <ul>\n    <li><a href=\"\/web\/listing\/province-de-belgique-le-brabant-wallon\/\">Brabant wallon<\/a><\/li>\n    <li><a href=\"\/web\/listing\/province-de-belgique-le-hainaut\/\">Hainaut<\/a><\/li>\n    <li><a href=\"\/web\/listing\/province-de-belgique-liege\/\">Li\u00e8ge<\/a><\/li>\n    <li><a href=\"\/web\/listing\/province-de-belgique-luxembourg\/\">Luxembourg<\/a><\/li>\n    <li><a href=\"\/web\/listing\/province-de-belgique-namur\/\">Namur<\/a><\/li>\n    <li><a href=\"\/web\/listing\/province-de-belgique-brabant-flamand\/\">Brabant flamand<\/a><\/li>\n    <li><a href=\"\/web\/listing\/province-de-belgique-anvers\/\">Anvers<\/a><\/li>\n    <li><a href=\"\/web\/listing\/province-de-belgique-le-limbourg\/\">Limbourg<\/a><\/li>\n    <li><a href=\"\/web\/listing\/province-de-belgique-flandre-orientale\/\">Flandre orientale<\/a><\/li>\n    <li><a href=\"\/web\/listing\/province-de-belgique-flandre-occidentale\/\">Flandre occidentale<\/a><\/li>\n  <\/ul>\n\n  <h3>\n    <svg class=\"icon-h3\" viewBox=\"0 0 24 24\"><path d=\"M12 2l9 4v12l-9 4-9-4V6z\"\/><\/svg>\n    Arrondissements\n  <\/h3>\n  <ul>\n    <li><a href=\"\/web\/arrondissements-administratifs-en-belgique-liste-detaillee\/\">Arrondissements de Wallonie<\/a><\/li>\n    <li><a href=\"\/web\/arrondissements-administratifs-en-belgique-liste-detaillee\/\">Arrondissements de Flandre<\/a><\/li>\n    <li><a href=\"\/web\/arrondissements-administratifs-en-belgique-liste-detaillee\/\">Arrondissement de Bruxelles-Capitale<\/a><\/li>\n  <\/ul>\n\n  <h3>\n    <svg class=\"icon-h3\" viewBox=\"0 0 24 24\"><path d=\"M3 10l9-7 9 7v11H3z\"\/><\/svg>\n    Communes\n  <\/h3>\n  <ul>\n    <li><a href=\"\/web\/listing-category\/communes\/\">Toutes les communes par ordre alphab\u00e9tique<\/a><\/li>\n    <li><a href=\"\/web\/les-communes-de-belgique-par-ordre-alphabetique\/\">Toutes les communes par ordre alphab\u00e9tique en une seule page<\/a><\/li>\n    <li><a href=\"\/web\/les-communes-de-belgique-par-codes-postaux\/\">Toutes les communes class\u00e9es par codes postaux en une seule page<\/a><\/li>\n      <\/ul>\n<\/section>\n\n<!-- 3. Zones de police -->\n<section class=\"section-block\">\n  <h2>\n    <!-- Ic\u00f4ne bouclier -->\n    <svg class=\"icon-h2\" viewBox=\"0 0 24 24\"><path d=\"M12 2l9 4v6c0 7-5 10-9 12-4-2-9-5-9-12V6l9-4z\"\/><\/svg>\n    Zones de police et de secours\n  <\/h2>\n  <p class=\"small-note\">D\u00e9couvrez les 184 zones de police locales et les 34 zones de secours.<\/p>\n\n  <h3>\n    <svg class=\"icon-h3\" viewBox=\"0 0 24 24\"><path d=\"M12 2l9 4v6c0 7-5 10-9 12-4-2-9-5-9-12V6l9-4z\"\/><\/svg>\n    Vue d\u2019ensemble\n  <\/h3>\n  <ul>\n    <li><a href=\"\/web\/zones-de-police-en-belgique\/\">Pr\u00e9sentation g\u00e9n\u00e9rale des 184 zones de police<\/a><\/li>\n  <\/ul>\n<ul>\n    <li><a href=\"\/web\/les-zones-de-secours-en-belgique-pompiers-liens-organisation-et-fonctionnement\/\">Pr\u00e9sentation avec liens des 34 zones de secours (pompiers)<\/a><\/li>\n  <\/ul>\n\n  \n  \n<\/section>\n\n<!-- 4. Ressources -->\n<section class=\"section-block\">\n  <h2>\n    <!-- Ic\u00f4ne livre -->\n    <svg class=\"icon-h2\" viewBox=\"0 0 24 24\"><path d=\"M3 4h18v16H3z\"\/><\/svg>\n    Articles, ressources et dossiers\n  <\/h2>\n  <p class=\"small-note\">(pour certaines pages, En pr\u00e9paration &#8211; non accessibles actuellement.) Des contenus p\u00e9dagogiques pour mieux comprendre les institutions et la vie publique.<\/p>\n  <ul>\n    <li><a href=\"\/web\/ressources\/guides\/\">Guides p\u00e9dagogiques<\/a><\/li>\n    <li><a href=\"\/web\/ressources\/explications-institutions\/\">Comprendre les institutions belges<\/a><\/li>\n    <li><a href=\"\/web\/ressources\/dossiers-thematiques\/\">Dossiers th\u00e9matiques<\/a><\/li>\n    <li><a href=\"\/web\/ressources\/glossaire\/\">Glossaire<\/a><\/li>\n    <li><a href=\"\/web\/ressources\/faq\/\">Questions fr\u00e9quentes<\/a><\/li>\n  <\/ul>\n<\/section>\n\n<!-- 5. \u00c0 propos -->\n<section class=\"section-block\">\n  <h2>\n    <!-- Ic\u00f4ne info -->\n    <svg class=\"icon-h2\" viewBox=\"0 0 24 24\"><path d=\"M12 2a10 10 0 1 1 0 20 10 10 0 0 1 0-20zm1 5h-2v2h2V7zm0 4h-2v6h2v-6z\"\/><\/svg>\n    \u00c0 propos\n  <\/h2>\n  <p class=\"small-note\">Informations sur le projet, son auteur et les aspects l\u00e9gaux.<\/p>\n  <ul>\n    <li><a href=\"\/web\/a-propos\/\">Mission du site<\/a><\/li>\n    <li><a href=\"\/web\/nous-contacter\/\">Contact<\/a><\/li>\n    <li><a href=\"\/web\/mentions-legales\/\">Mentions l\u00e9gales<\/a><\/li>\n    <li><a href=\"\/web\/politique-de-confidentialite\/\">Politique de confidentialit\u00e9<\/a><\/li>\n  <\/ul>\n<\/section>\n\n\n\n<p><\/p>\n","protected":false},"excerpt":{"rendered":"<p>Plan du site Explorez l\u2019ensemble des pages du site anabel.be\/web : r\u00e9gions, provinces, arrondissements, communes, zones de police et ressources p\u00e9dagogiques. Cette structure est con\u00e7ue pour \u00e9voluer au fil des nouvelles publications. Accueil Point de d\u00e9part du site, avec acc\u00e8s aux principales sections. Page d\u2019accueil Belgique \u2013 Structure administrative Comprendre l\u2019organisation institutionnelle : r\u00e9gions, provinces, [&hellip;]<\/p>\n","protected":false},"author":1,"featured_media":0,"parent":0,"menu_order":0,"comment_status":"closed","ping_status":"closed","template":"","meta":{"footnotes":""},"class_list":["post-407","page","type-page","status-publish","hentry"],"jetpack_sharing_enabled":true,"_links":{"self":[{"href":"https:\/\/www.anabel.be\/web\/wp-json\/wp\/v2\/pages\/407","targetHints":{"allow":["GET"]}}],"collection":[{"href":"https:\/\/www.anabel.be\/web\/wp-json\/wp\/v2\/pages"}],"about":[{"href":"https:\/\/www.anabel.be\/web\/wp-json\/wp\/v2\/types\/page"}],"author":[{"embeddable":true,"href":"https:\/\/www.anabel.be\/web\/wp-json\/wp\/v2\/users\/1"}],"replies":[{"embeddable":true,"href":"https:\/\/www.anabel.be\/web\/wp-json\/wp\/v2\/comments?post=407"}],"version-history":[{"count":21,"href":"https:\/\/www.anabel.be\/web\/wp-json\/wp\/v2\/pages\/407\/revisions"}],"predecessor-version":[{"id":469,"href":"https:\/\/www.anabel.be\/web\/wp-json\/wp\/v2\/pages\/407\/revisions\/469"}],"wp:attachment":[{"href":"https:\/\/www.anabel.be\/web\/wp-json\/wp\/v2\/media?parent=407"}],"curies":[{"name":"wp","href":"https:\/\/api.w.org\/{rel}","templated":true}]}}